{"id":11072,"date":"2025-11-22T10:54:05","date_gmt":"2025-11-22T10:54:05","guid":{"rendered":"https:\/\/nouveau.lairat.com\/?page_id=11072"},"modified":"2025-12-08T13:50:25","modified_gmt":"2025-12-08T13:50:25","slug":"contact","status":"publish","type":"page","link":"https:\/\/www.lairat.com\/en\/contact\/","title":{"rendered":"CONTACT"},"content":{"rendered":"<div data-elementor-type=\"wp-page\" data-elementor-id=\"11072\" class=\"elementor elementor-11072\" data-elementor-post-type=\"page\">\n\t\t\t\t<div class=\"elementor-element elementor-element-42dae18 elementor-hidden-tablet elementor-hidden-mobile e-flex e-con-boxed e-con e-parent\" data-id=\"42dae18\" data-element_type=\"container\" data-e-type=\"container\" data-settings=\"{&quot;background_background&quot;:&quot;classic&quot;}\">\n\t\t\t\t\t<div class=\"e-con-inner\">\n\t\t<div class=\"elementor-element elementor-element-09d10bb e-con-full e-flex e-con e-child\" data-id=\"09d10bb\" data-element_type=\"container\" data-e-type=\"container\">\n\t\t\t\t<div class=\"elementor-element elementor-element-2c0702c elementor-widget elementor-widget-image\" data-id=\"2c0702c\" data-element_type=\"widget\" data-e-type=\"widget\" data-widget_type=\"image.default\">\n\t\t\t\t\t\t\t\t\t\t\t\t\t\t\t<img fetchpriority=\"high\" decoding=\"async\" width=\"1200\" height=\"1782\" src=\"https:\/\/www.lairat.com\/wp-content\/uploads\/2025\/11\/CONTACT.webp\" class=\"attachment-full size-full wp-image-12326\" alt=\"\" srcset=\"https:\/\/www.lairat.com\/wp-content\/uploads\/2025\/11\/CONTACT.webp 1200w, https:\/\/www.lairat.com\/wp-content\/uploads\/2025\/11\/CONTACT-404x600.webp 404w, https:\/\/www.lairat.com\/wp-content\/uploads\/2025\/11\/CONTACT-1034x1536.webp 1034w\" sizes=\"(max-width: 1200px) 100vw, 1200px\" \/>\t\t\t\t\t\t\t\t\t\t\t\t\t\t\t<\/div>\n\t\t\t\t<\/div>\n\t\t<div class=\"elementor-element elementor-element-d72211e e-con-full e-flex e-con e-child\" data-id=\"d72211e\" data-element_type=\"container\" data-e-type=\"container\">\n\t\t<div class=\"elementor-element elementor-element-9d08194 e-con-full e-flex e-con e-child\" data-id=\"9d08194\" data-element_type=\"container\" data-e-type=\"container\">\n\t\t\t\t<div class=\"elementor-element elementor-element-6799fa1 elementor-widget elementor-widget-heading\" data-id=\"6799fa1\" data-element_type=\"widget\" data-e-type=\"widget\" data-widget_type=\"heading.default\">\n\t\t\t\t\t<h2 class=\"elementor-heading-title elementor-size-default\"><a href=\"mailto:contact@lairat.com\">Contact us!<\/a><\/h2>\t\t\t\t<\/div>\n\t\t\t\t<\/div>\n\t\t<div class=\"elementor-element elementor-element-c7be86e e-con-full e-flex e-con e-child\" data-id=\"c7be86e\" data-element_type=\"container\" data-e-type=\"container\">\n\t\t\t\t<div class=\"elementor-element elementor-element-ae4b91f elementor-widget elementor-widget-text-editor\" data-id=\"ae4b91f\" data-element_type=\"widget\" data-e-type=\"widget\" data-widget_type=\"text-editor.default\">\n\t\t\t\t\t\t\t\t\t<p>Thank you for your interest.<\/p><p>We look forward to hearing from you.<\/p><p>Every message gets our full attention.<\/p><p>See you soon!<\/p><p>\u00a0<\/p><p>Paul and Maryse Lairat<\/p>\t\t\t\t\t\t\t\t<\/div>\n\t\t\t\t<\/div>\n\t\t\t\t<\/div>\n\t\t\t\t\t<\/div>\n\t\t\t\t<\/div>\n\t\t<div class=\"elementor-element elementor-element-c85b0b0 elementor-hidden-desktop e-flex e-con-boxed e-con e-parent\" data-id=\"c85b0b0\" data-element_type=\"container\" data-e-type=\"container\" data-settings=\"{&quot;background_background&quot;:&quot;classic&quot;}\">\n\t\t\t\t\t<div class=\"e-con-inner\">\n\t\t<div class=\"elementor-element elementor-element-a5340fa e-con-full e-flex e-con e-child\" data-id=\"a5340fa\" data-element_type=\"container\" data-e-type=\"container\">\n\t\t\t\t<div class=\"elementor-element elementor-element-4267053 elementor-widget elementor-widget-heading\" data-id=\"4267053\" data-element_type=\"widget\" data-e-type=\"widget\" data-widget_type=\"heading.default\">\n\t\t\t\t\t<h2 class=\"elementor-heading-title elementor-size-default\"><a href=\"mailto:contact@lairat.com\">Contact us!<\/a><\/h2>\t\t\t\t<\/div>\n\t\t\t\t<\/div>\n\t\t<div class=\"elementor-element elementor-element-0342a27 e-con-full e-flex e-con e-child\" data-id=\"0342a27\" data-element_type=\"container\" data-e-type=\"container\">\n\t\t\t\t<div class=\"elementor-element elementor-element-eda33a0 elementor-widget elementor-widget-image\" data-id=\"eda33a0\" data-element_type=\"widget\" data-e-type=\"widget\" data-widget_type=\"image.default\">\n\t\t\t\t\t\t\t\t\t\t\t\t\t\t\t<img fetchpriority=\"high\" decoding=\"async\" width=\"1200\" height=\"1782\" src=\"https:\/\/www.lairat.com\/wp-content\/uploads\/2025\/11\/CONTACT.webp\" class=\"attachment-full size-full wp-image-12326\" alt=\"\" srcset=\"https:\/\/www.lairat.com\/wp-content\/uploads\/2025\/11\/CONTACT.webp 1200w, https:\/\/www.lairat.com\/wp-content\/uploads\/2025\/11\/CONTACT-404x600.webp 404w, https:\/\/www.lairat.com\/wp-content\/uploads\/2025\/11\/CONTACT-1034x1536.webp 1034w\" sizes=\"(max-width: 1200px) 100vw, 1200px\" \/>\t\t\t\t\t\t\t\t\t\t\t\t\t\t\t<\/div>\n\t\t\t\t<\/div>\n\t\t<div class=\"elementor-element elementor-element-9350b93 e-con-full e-flex e-con e-child\" data-id=\"9350b93\" data-element_type=\"container\" data-e-type=\"container\">\n\t\t\t\t<div class=\"elementor-element elementor-element-04fb230 elementor-widget elementor-widget-text-editor\" data-id=\"04fb230\" data-element_type=\"widget\" data-e-type=\"widget\" data-widget_type=\"text-editor.default\">\n\t\t\t\t\t\t\t\t\t<p>Thank you for your interest.<\/p><p>We look forward to hearing from you.<\/p><p>Every message gets our full attention.<\/p><p>See you soon!<\/p>\t\t\t\t\t\t\t\t<\/div>\n\t\t\t\t<\/div>\n\t\t\t\t\t<\/div>\n\t\t\t\t<\/div>\n\t\t\t\t<\/div>","protected":false},"excerpt":{"rendered":"<p>Contactez-nous ! Merci de votre int\u00e9r\u00eat. Nous serons tr\u00e8s heureux de r\u00e9pondre \u00e0 votre demande. Chaque message re\u00e7oit toute notre attention. A tr\u00e8s bient\u00f4t ! \u00a0 Paul et Maryse Lairat Contactez-nous ! Merci de votre int\u00e9r\u00eat. Nous serons tr\u00e8s heureux de r\u00e9pondre \u00e0 votre demande. Chaque message re\u00e7oit toute notre attention. A tr\u00e8s bient\u00f4t !<\/p>","protected":false},"author":1,"featured_media":0,"parent":0,"menu_order":0,"comment_status":"closed","ping_status":"closed","template":"","meta":{"footnotes":""},"class_list":["post-11072","page","type-page","status-publish","hentry"],"_links":{"self":[{"href":"https:\/\/www.lairat.com\/en\/wp-json\/wp\/v2\/pages\/11072","targetHints":{"allow":["GET"]}}],"collection":[{"href":"https:\/\/www.lairat.com\/en\/wp-json\/wp\/v2\/pages"}],"about":[{"href":"https:\/\/www.lairat.com\/en\/wp-json\/wp\/v2\/types\/page"}],"author":[{"embeddable":true,"href":"https:\/\/www.lairat.com\/en\/wp-json\/wp\/v2\/users\/1"}],"replies":[{"embeddable":true,"href":"https:\/\/www.lairat.com\/en\/wp-json\/wp\/v2\/comments?post=11072"}],"version-history":[{"count":5,"href":"https:\/\/www.lairat.com\/en\/wp-json\/wp\/v2\/pages\/11072\/revisions"}],"predecessor-version":[{"id":15192,"href":"https:\/\/www.lairat.com\/en\/wp-json\/wp\/v2\/pages\/11072\/revisions\/15192"}],"wp:attachment":[{"href":"https:\/\/www.lairat.com\/en\/wp-json\/wp\/v2\/media?parent=11072"}],"curies":[{"name":"wp","href":"https:\/\/api.w.org\/{rel}","templated":true}]}}