{"id":13288,"date":"2025-11-30T15:49:13","date_gmt":"2025-11-30T15:49:13","guid":{"rendered":"https:\/\/nouveau.lairat.com\/?page_id=13288"},"modified":"2025-12-03T17:14:50","modified_gmt":"2025-12-03T17:14:50","slug":"privacy-policy","status":"publish","type":"page","link":"https:\/\/www.lairat.com\/en\/politique-de-confidentialite\/","title":{"rendered":"Privacy policy"},"content":{"rendered":"<div data-elementor-type=\"wp-page\" data-elementor-id=\"13288\" class=\"elementor elementor-13288\" data-elementor-post-type=\"page\">\n\t\t\t\t<div class=\"elementor-element elementor-element-c9baa74 e-flex e-con-boxed e-con e-parent\" data-id=\"c9baa74\" data-element_type=\"container\" data-e-type=\"container\" data-settings=\"{&quot;background_background&quot;:&quot;classic&quot;}\">\n\t\t\t\t\t<div class=\"e-con-inner\">\n\t\t\t\t<div class=\"elementor-element elementor-element-45995f1 elementor-widget elementor-widget-heading\" data-id=\"45995f1\" data-element_type=\"widget\" data-e-type=\"widget\" data-widget_type=\"heading.default\">\n\t\t\t\t\t<h2 class=\"elementor-heading-title elementor-size-default\">Privacy policy<\/h2>\t\t\t\t<\/div>\n\t\t\t\t<div class=\"elementor-element elementor-element-83e73b7 elementor-widget elementor-widget-text-editor\" data-id=\"83e73b7\" data-element_type=\"widget\" data-e-type=\"widget\" data-widget_type=\"text-editor.default\">\n\t\t\t\t\t\t\t\t\t<div dir=\"auto\">Last update: December 1, 2025<\/div><div dir=\"auto\">\u00a0<\/div><div dir=\"auto\">Protecting your privacy is important to us. This policy explains what information is collected on our site <a href=\"https:\/\/www.lairat.com\/en\/\">lairat.com<\/a>, how it is used, how long it is kept and what your rights are.<\/div><div dir=\"auto\">\u00a0<\/div><div dir=\"auto\">\u00a0<\/div><div dir=\"auto\">-<\/div><div dir=\"auto\">\u00a0<\/div><div dir=\"auto\">1. Data controller<\/div><div dir=\"auto\">\u00a0<\/div><div dir=\"auto\">Paul Lairat - Lairat Custom Guitars<\/div><div dir=\"auto\">338 route de Beauregard - 84350 Courth\u00e9zon - France<\/div><div dir=\"auto\">Email :\u00a0<a href=\"mailto:contact@lairat.com\" target=\"_blank\" rel=\"noopener\">contact@lairat.com<\/a><\/div><div dir=\"auto\">Site :\u00a0<a href=\"https:\/\/www.lairat.com\/en\/\" target=\"_blank\" rel=\"noopener\" data-saferedirecturl=\"https:\/\/www.google.com\/url?q=https:\/\/www.lairat.com\/&amp;source=gmail&amp;ust=1764684847365000&amp;usg=AOvVaw2G4yos9jvosLMX9D-M7HAX\">https:\/\/www.lairat.com\/<\/a><\/div><div dir=\"auto\">\u00a0<\/div><div dir=\"auto\">\u00a0<\/div><div dir=\"auto\">-<\/div><div dir=\"auto\">\u00a0<\/div><div dir=\"auto\">2. Data collected on the site<\/div><div dir=\"auto\">\u00a0<\/div><div dir=\"auto\">When you use our site, we may collect the following data:<\/div><div dir=\"auto\">\u00a0<\/div><div dir=\"auto\">Action Data collected Purpose<\/div><div dir=\"auto\">\u00a0<\/div><div dir=\"auto\">Placing an order via WooCommerce Name, first name, postal address, email, telephone, products ordered Order preparation, shipping and billing<\/div><div dir=\"auto\">Payment Information transmitted to Stripe\/PayPal Secure payment processing<\/div><div dir=\"auto\">Display of YouTube videos IP address, browsing data (via YouTube cookies) Playback of videos on the site<\/div><div dir=\"auto\">Links to social networks (Instagram, Facebook...) Data collected by these platforms Interaction with social content<\/div><div dir=\"auto\">\u00a0<\/div><div dir=\"auto\">\u00a0<\/div><div dir=\"auto\">We do not collect information via contact form, registration or customer account creation (function deactivated).<\/div><div dir=\"auto\">\u00a0<\/div><div dir=\"auto\">\u00a0<\/div><div dir=\"auto\">-<\/div><div dir=\"auto\">\u00a0<\/div><div dir=\"auto\">3. Secure payments<\/div><div dir=\"auto\">\u00a0<\/div><div dir=\"auto\">Payments on our site are processed via :<\/div><div dir=\"auto\">\u00a0<\/div><div dir=\"auto\">Stripe<\/div><div dir=\"auto\">\u00a0<\/div><div dir=\"auto\">PayPal<\/div><div dir=\"auto\">\u00a0<\/div><div dir=\"auto\">Credit card<\/div><div dir=\"auto\">\u00a0<\/div><div dir=\"auto\">\u00a0<\/div><div dir=\"auto\">We do not store any banking information on our servers.<\/div><div dir=\"auto\">Data is transmitted directly to these external, secure services.<\/div><div dir=\"auto\">\u00a0<\/div><div dir=\"auto\">\u00a0<\/div><div dir=\"auto\">-<\/div><div dir=\"auto\">\u00a0<\/div><div dir=\"auto\">4. Cookies and external services<\/div><div dir=\"auto\">\u00a0<\/div><div dir=\"auto\">Our site uses cookies to ensure its proper functioning.<\/div><div dir=\"auto\">Some cookies may be placed by external services:<\/div><div dir=\"auto\">\u00a0<\/div><div dir=\"auto\">YouTube \u2192 play videos<\/div><div dir=\"auto\">\u00a0<\/div><div dir=\"auto\">Instagram \/ Facebook \u2192 display or redirect to our pages<\/div><div dir=\"auto\">\u00a0<\/div><div dir=\"auto\">WooCommerce \u2192 shopping cart and store management<\/div><div dir=\"auto\">\u00a0<\/div><div dir=\"auto\">\u00a0<\/div><div dir=\"auto\">You can manage or withdraw your consent at any time via the cookie management window displayed on your first visit.<\/div><div dir=\"auto\">\u00a0<\/div><div dir=\"auto\"><img decoding=\"async\" class=\"an1\" draggable=\"false\" src=\"https:\/\/fonts.gstatic.com\/s\/e\/notoemoji\/16.0\/1f449\/72.png\" alt=\"\ud83d\udc49\" data-emoji=\"\ud83d\udc49\" aria-label=\"\ud83d\udc49\" \/>\u00a0See dedicated page: Cookie policy (EU)<\/div><div dir=\"auto\">\u00a0<\/div><div dir=\"auto\">\u00a0<\/div><div dir=\"auto\">-<\/div><div dir=\"auto\">\u00a0<\/div><div dir=\"auto\">5. Data retention period<\/div><div dir=\"auto\">\u00a0<\/div><div dir=\"auto\">Type of data Retention period<\/div><div dir=\"auto\">\u00a0<\/div><div dir=\"auto\">Order data 5 to 10 years (accounting &amp; tax obligations)<\/div><div dir=\"auto\">Browsing data stored by external cookies According to service-specific timeframes (YouTube, Instagram, Facebook, WooCommerce)<\/div><div dir=\"auto\">\u00a0<\/div><div dir=\"auto\">\u00a0<\/div><div dir=\"auto\">When storage is no longer necessary, the data is deleted or anonymized.<\/div><div dir=\"auto\">\u00a0<\/div><div dir=\"auto\">\u00a0<\/div><div dir=\"auto\">-<\/div><div dir=\"auto\">\u00a0<\/div><div dir=\"auto\">6. Your RGPD rights<\/div><div dir=\"auto\">\u00a0<\/div><div dir=\"auto\">At any time, you can :<\/div><div dir=\"auto\">\u00a0<\/div><div dir=\"auto\">request access to your personal data; ;<\/div><div dir=\"auto\">\u00a0<\/div><div dir=\"auto\">request rectification or deletion of your information; ;<\/div><div dir=\"auto\">\u00a0<\/div><div dir=\"auto\">object to the processing of your data; ;<\/div><div dir=\"auto\">\u00a0<\/div><div dir=\"auto\">request the limitation of processing ;<\/div><div dir=\"auto\">\u00a0<\/div><div dir=\"auto\">request portability of your data.<\/div><div dir=\"auto\">\u00a0<\/div><div dir=\"auto\">\u00a0<\/div><div dir=\"auto\">To exercise a right or ask a question :<\/div><div dir=\"auto\">\u00a0<\/div><div dir=\"auto\"><img decoding=\"async\" class=\"an1\" draggable=\"false\" src=\"https:\/\/fonts.gstatic.com\/s\/e\/notoemoji\/16.0\/1f4e9\/72.png\" alt=\"\ud83d\udce9\" data-emoji=\"\ud83d\udce9\" aria-label=\"\ud83d\udce9\" \/>\u00a0<a href=\"mailto:contact@lairat.com\" target=\"_blank\" rel=\"noopener\">contact@lairat.com<\/a><\/div><div dir=\"auto\">\u00a0<\/div><div dir=\"auto\">\u00a0<\/div><div dir=\"auto\">-<\/div><div dir=\"auto\">\u00a0<\/div><div dir=\"auto\">7. Data security<\/div><div dir=\"auto\">\u00a0<\/div><div dir=\"auto\">We make every effort to protect your information.<\/div><div dir=\"auto\">Access to the site and back-office is secure, and payments are processed by recognized external solutions (Stripe \/ PayPal).<\/div><div dir=\"auto\">\u00a0<\/div><div dir=\"auto\">\u00a0<\/div><div dir=\"auto\">-<\/div><div dir=\"auto\">\u00a0<\/div><div dir=\"auto\">8. Changes to this policy<\/div><div dir=\"auto\">\u00a0<\/div><div dir=\"auto\">This policy may be updated in the event of legal, technical or functional changes.<\/div><div dir=\"auto\">The update date will be indicated at the top of this page.<\/div>\t\t\t\t\t\t\t\t<\/div>\n\t\t\t\t\t<\/div>\n\t\t\t\t<\/div>\n\t\t<div class=\"elementor-element elementor-element-404a5ca e-flex e-con-boxed e-con e-parent\" data-id=\"404a5ca\" data-element_type=\"container\" data-e-type=\"container\">\n\t\t\t\t\t<div class=\"e-con-inner\">\n\t\t\t\t\t<\/div>\n\t\t\t\t<\/div>\n\t\t\t\t<\/div>","protected":false},"excerpt":{"rendered":"<p>Politique de confidentialit\u00e9 Derni\u00e8re mise \u00e0 jour : 1 d\u00e9cembre 2025\u00a0Nous attachons une grande importance \u00e0 la protection de vos donn\u00e9es personnelles. La pr\u00e9sente politique explique quelles informations sont collect\u00e9es sur notre site lairat.com, comment elles sont utilis\u00e9es, pendant combien de temps elles sont conserv\u00e9es et quels sont vos droits.\u00a0\u00a0&#8212;\u00a01. Responsable de traitement\u00a0Paul Lairat \u2014 [&hellip;]<\/p>\n","protected":false},"author":1,"featured_media":0,"parent":0,"menu_order":0,"comment_status":"closed","ping_status":"closed","template":"","meta":{"footnotes":""},"class_list":["post-13288","page","type-page","status-publish","hentry"],"_links":{"self":[{"href":"https:\/\/www.lairat.com\/en\/wp-json\/wp\/v2\/pages\/13288","targetHints":{"allow":["GET"]}}],"collection":[{"href":"https:\/\/www.lairat.com\/en\/wp-json\/wp\/v2\/pages"}],"about":[{"href":"https:\/\/www.lairat.com\/en\/wp-json\/wp\/v2\/types\/page"}],"author":[{"embeddable":true,"href":"https:\/\/www.lairat.com\/en\/wp-json\/wp\/v2\/users\/1"}],"replies":[{"embeddable":true,"href":"https:\/\/www.lairat.com\/en\/wp-json\/wp\/v2\/comments?post=13288"}],"version-history":[{"count":10,"href":"https:\/\/www.lairat.com\/en\/wp-json\/wp\/v2\/pages\/13288\/revisions"}],"predecessor-version":[{"id":14364,"href":"https:\/\/www.lairat.com\/en\/wp-json\/wp\/v2\/pages\/13288\/revisions\/14364"}],"wp:attachment":[{"href":"https:\/\/www.lairat.com\/en\/wp-json\/wp\/v2\/media?parent=13288"}],"curies":[{"name":"wp","href":"https:\/\/api.w.org\/{rel}","templated":true}]}}